{"id":344,"date":"2020-06-19T14:50:30","date_gmt":"2020-06-19T12:50:30","guid":{"rendered":"https:\/\/villasmammamia.com\/?page_id=344"},"modified":"2025-01-30T11:30:51","modified_gmt":"2025-01-30T10:30:51","slug":"besuchen-sie-lanzarote-villas-mamma-mia","status":"publish","type":"page","link":"https:\/\/villasmammamia.com\/de\/besuchen-sie-lanzarote-villas-mamma-mia\/","title":{"rendered":"Besuchen Sie Lanzarote, Villas Mamma mia"},"content":{"rendered":"\t\t<div data-elementor-type=\"wp-page\" data-elementor-id=\"344\" class=\"elementor elementor-344\" data-elementor-post-type=\"page\">\n\t\t\t\t\t\t<section class=\"elementor-section elementor-top-section elementor-element elementor-element-44a220c elementor-section-boxed elementor-section-height-default elementor-section-height-default\" data-id=\"44a220c\" data-element_type=\"section\" data-e-type=\"section\">\n\t\t\t\t\t\t<div class=\"elementor-container elementor-column-gap-default\">\n\t\t\t\t\t<div class=\"elementor-column elementor-col-100 elementor-top-column elementor-element elementor-element-ad9f258\" data-id=\"ad9f258\" data-element_type=\"column\" data-e-type=\"column\">\n\t\t\t<div class=\"elementor-widget-wrap elementor-element-populated\">\n\t\t\t\t\t\t<div class=\"elementor-element elementor-element-b76491e elementor-widget elementor-widget-heading\" data-id=\"b76491e\" data-element_type=\"widget\" data-e-type=\"widget\" data-widget_type=\"heading.default\">\n\t\t\t\t<div class=\"elementor-widget-container\">\n\t\t\t\t\t<h3 class=\"elementor-heading-title elementor-size-default\">Willkommen zu<\/h3>\t\t\t\t<\/div>\n\t\t\t\t<\/div>\n\t\t\t\t<div class=\"elementor-element elementor-element-e04d9c9 elementor-widget elementor-widget-heading\" data-id=\"e04d9c9\" data-element_type=\"widget\" data-e-type=\"widget\" data-widget_type=\"heading.default\">\n\t\t\t\t<div class=\"elementor-widget-container\">\n\t\t\t\t\t<h3 class=\"elementor-heading-title elementor-size-default\">Unsere Insel voller Vulkane und exotischer Str\u00e4nde<\/h3>\t\t\t\t<\/div>\n\t\t\t\t<\/div>\n\t\t\t\t\t<\/div>\n\t\t<\/div>\n\t\t\t\t\t<\/div>\n\t\t<\/section>\n\t\t\t\t<section class=\"elementor-section elementor-top-section elementor-element elementor-element-2c6739f elementor-section-full_width elementor-section-height-default elementor-section-height-default\" data-id=\"2c6739f\" data-element_type=\"section\" data-e-type=\"section\">\n\t\t\t\t\t\t<div class=\"elementor-container elementor-column-gap-no\">\n\t\t\t\t\t<div class=\"elementor-column elementor-col-50 elementor-top-column elementor-element elementor-element-81d80dd\" data-id=\"81d80dd\" data-element_type=\"column\" data-e-type=\"column\">\n\t\t\t<div class=\"elementor-widget-wrap elementor-element-populated\">\n\t\t\t\t\t\t<div class=\"elementor-element elementor-element-2701b8e elementor-widget elementor-widget-image\" data-id=\"2701b8e\" data-element_type=\"widget\" data-e-type=\"widget\" data-widget_type=\"image.default\">\n\t\t\t\t<div class=\"elementor-widget-container\">\n\t\t\t\t\t\t\t\t\t\t\t\t\t\t\t<img fetchpriority=\"high\" decoding=\"async\" width=\"800\" height=\"533\" src=\"https:\/\/villasmammamia.com\/de\/wp-content\/uploads\/sites\/4\/Beautiful-cave-in-Jameos-del-Agua-Lanzarote-Canary-Islands-1024x682.webp\" class=\"attachment-large size-large wp-image-698\" alt=\"\" srcset=\"https:\/\/villasmammamia.com\/de\/wp-content\/uploads\/sites\/4\/Beautiful-cave-in-Jameos-del-Agua-Lanzarote-Canary-Islands-1024x682.webp 1024w, https:\/\/villasmammamia.com\/de\/wp-content\/uploads\/sites\/4\/Beautiful-cave-in-Jameos-del-Agua-Lanzarote-Canary-Islands-300x200.webp 300w, https:\/\/villasmammamia.com\/de\/wp-content\/uploads\/sites\/4\/Beautiful-cave-in-Jameos-del-Agua-Lanzarote-Canary-Islands-768x512.webp 768w, https:\/\/villasmammamia.com\/de\/wp-content\/uploads\/sites\/4\/Beautiful-cave-in-Jameos-del-Agua-Lanzarote-Canary-Islands-1536x1023.webp 1536w, https:\/\/villasmammamia.com\/de\/wp-content\/uploads\/sites\/4\/Beautiful-cave-in-Jameos-del-Agua-Lanzarote-Canary-Islands.webp 1920w\" sizes=\"(max-width: 800px) 100vw, 800px\" \/>\t\t\t\t\t\t\t\t\t\t\t\t\t\t\t<\/div>\n\t\t\t\t<\/div>\n\t\t\t\t\t<\/div>\n\t\t<\/div>\n\t\t\t\t<div class=\"elementor-column elementor-col-50 elementor-top-column elementor-element elementor-element-f9043ca\" data-id=\"f9043ca\" data-element_type=\"column\" data-e-type=\"column\">\n\t\t\t<div class=\"elementor-widget-wrap elementor-element-populated\">\n\t\t\t\t\t\t<div class=\"elementor-element elementor-element-6be6695 elementor-invisible elementor-widget elementor-widget-heading\" data-id=\"6be6695\" data-element_type=\"widget\" data-e-type=\"widget\" data-settings=\"{&quot;_animation&quot;:&quot;fadeInLeft&quot;}\" data-widget_type=\"heading.default\">\n\t\t\t\t<div class=\"elementor-widget-container\">\n\t\t\t\t\t<h2 class=\"elementor-heading-title elementor-size-default\">Str\u00e4nde und nat\u00fcrliche Pools auf Lanzarote<\/h2>\t\t\t\t<\/div>\n\t\t\t\t<\/div>\n\t\t\t\t<div class=\"elementor-element elementor-element-ee72249 elementor-widget elementor-widget-text-editor\" data-id=\"ee72249\" data-element_type=\"widget\" data-e-type=\"widget\" data-widget_type=\"text-editor.default\">\n\t\t\t\t<div class=\"elementor-widget-container\">\n\t\t\t\t\t\t\t\t\t<p>Erw\u00e4hnenswert ist auch das milde Klima mit einer durchschnittlichen Jahrestemperatur von 22 \u00b0 C, da Lanzarote das perfekte Ziel f\u00fcr alle Arten von Outdoor-Sportarten ist.<\/p><p>Die Str\u00e4nde von Lanzarote laden die Besucher ein, das Meer an den K\u00fcsten der Insel zu genie\u00dfen, zumal die durchschnittliche j\u00e4hrliche Wassertemperatur bei etwa 19,5 \u00b0 C liegt.<\/p><p>Neben den bekannten Freuden von Sonne und Sand bietet das Wasser aufgrund der hervorragenden Wetterbedingungen das ganze Jahr \u00fcber, der langen Sonnenstunden und der Durchschnittstemperatur fantastische M\u00f6glichkeiten f\u00fcr Wassersport und Bootsfahrten. warm aus dem Meerwasser.<\/p>\t\t\t\t\t\t\t\t<\/div>\n\t\t\t\t<\/div>\n\t\t\t\t\t<\/div>\n\t\t<\/div>\n\t\t\t\t\t<\/div>\n\t\t<\/section>\n\t\t\t\t<section class=\"elementor-section elementor-top-section elementor-element elementor-element-0b7ef3f elementor-section-full_width elementor-reverse-tablet elementor-reverse-mobile elementor-section-height-default elementor-section-height-default\" data-id=\"0b7ef3f\" data-element_type=\"section\" data-e-type=\"section\">\n\t\t\t\t\t\t<div class=\"elementor-container elementor-column-gap-no\">\n\t\t\t\t\t<div class=\"elementor-column elementor-col-50 elementor-top-column elementor-element elementor-element-7f86ce3\" data-id=\"7f86ce3\" data-element_type=\"column\" data-e-type=\"column\">\n\t\t\t<div class=\"elementor-widget-wrap elementor-element-populated\">\n\t\t\t\t\t\t<div class=\"elementor-element elementor-element-4afc70d elementor-widget elementor-widget-text-editor\" data-id=\"4afc70d\" data-element_type=\"widget\" data-e-type=\"widget\" data-widget_type=\"text-editor.default\">\n\t\t\t\t<div class=\"elementor-widget-container\">\n\t\t\t\t\t\t\t\t\t<p>Das Meer, das Lanzarote umgibt, ist im Allgemeinen ruhig und einladend. Sie k\u00f6nnen die vielen Str\u00e4nde entlang der K\u00fcste genie\u00dfen.<\/p><p>Str\u00e4nde auf Lanzarote, die wir empfehlen:<\/p>\t\t\t\t\t\t\t\t<\/div>\n\t\t\t\t<\/div>\n\t\t\t\t<div class=\"elementor-element elementor-element-52d2dba elementor-widget__width-initial elementor-widget-mobile__width-inherit elementor-widget elementor-widget-text-editor\" data-id=\"52d2dba\" data-element_type=\"widget\" data-e-type=\"widget\" data-widget_type=\"text-editor.default\">\n\t\t\t\t<div class=\"elementor-widget-container\">\n\t\t\t\t\t\t\t\t\t<ul><li>Golden Sand.<\/li><li>Stone.<\/li><li>White Sand.<\/li><li>Zone.<\/li><li>Arrecife.<\/li><li>Costa Teguise.<\/li><li>Har\u00eda.<\/li><li>La Graciosa.<\/li><li>Playa Blanca.<\/li><li>Puerto del Carmen.<\/li><\/ul>\t\t\t\t\t\t\t\t<\/div>\n\t\t\t\t<\/div>\n\t\t\t\t\t<\/div>\n\t\t<\/div>\n\t\t\t\t<div class=\"elementor-column elementor-col-50 elementor-top-column elementor-element elementor-element-187a444\" data-id=\"187a444\" data-element_type=\"column\" data-e-type=\"column\">\n\t\t\t<div class=\"elementor-widget-wrap elementor-element-populated\">\n\t\t\t\t\t\t<div class=\"elementor-element elementor-element-a9de857 elementor-widget elementor-widget-image\" data-id=\"a9de857\" data-element_type=\"widget\" data-e-type=\"widget\" data-widget_type=\"image.default\">\n\t\t\t\t<div class=\"elementor-widget-container\">\n\t\t\t\t\t\t\t\t\t\t\t\t\t\t\t<img decoding=\"async\" width=\"800\" height=\"534\" src=\"https:\/\/villasmammamia.com\/de\/wp-content\/uploads\/sites\/4\/lanzarote-playas-1024x683.webp\" class=\"attachment-large size-large wp-image-700\" alt=\"\" srcset=\"https:\/\/villasmammamia.com\/de\/wp-content\/uploads\/sites\/4\/lanzarote-playas-1024x683.webp 1024w, https:\/\/villasmammamia.com\/de\/wp-content\/uploads\/sites\/4\/lanzarote-playas-300x200.webp 300w, https:\/\/villasmammamia.com\/de\/wp-content\/uploads\/sites\/4\/lanzarote-playas-768x512.webp 768w, https:\/\/villasmammamia.com\/de\/wp-content\/uploads\/sites\/4\/lanzarote-playas-1536x1024.webp 1536w, https:\/\/villasmammamia.com\/de\/wp-content\/uploads\/sites\/4\/lanzarote-playas.webp 1920w\" sizes=\"(max-width: 800px) 100vw, 800px\" \/>\t\t\t\t\t\t\t\t\t\t\t\t\t\t\t<\/div>\n\t\t\t\t<\/div>\n\t\t\t\t\t<\/div>\n\t\t<\/div>\n\t\t\t\t\t<\/div>\n\t\t<\/section>\n\t\t\t\t<section class=\"elementor-section elementor-top-section elementor-element elementor-element-73cd7ff elementor-section-full_width elementor-section-height-default elementor-section-height-default\" data-id=\"73cd7ff\" data-element_type=\"section\" data-e-type=\"section\">\n\t\t\t\t\t\t<div class=\"elementor-container elementor-column-gap-no\">\n\t\t\t\t\t<div class=\"elementor-column elementor-col-50 elementor-top-column elementor-element elementor-element-aabec5e\" data-id=\"aabec5e\" data-element_type=\"column\" data-e-type=\"column\" data-settings=\"{&quot;background_background&quot;:&quot;classic&quot;}\">\n\t\t\t<div class=\"elementor-widget-wrap\">\n\t\t\t\t\t<div class=\"elementor-background-overlay\"><\/div>\n\t\t\t\t\t\t\t<\/div>\n\t\t<\/div>\n\t\t\t\t<div class=\"elementor-column elementor-col-50 elementor-top-column elementor-element elementor-element-66d8552\" data-id=\"66d8552\" data-element_type=\"column\" data-e-type=\"column\">\n\t\t\t<div class=\"elementor-widget-wrap elementor-element-populated\">\n\t\t\t\t\t\t<div class=\"elementor-element elementor-element-2f41612 elementor-widget elementor-widget-text-editor\" data-id=\"2f41612\" data-element_type=\"widget\" data-e-type=\"widget\" data-widget_type=\"text-editor.default\">\n\t\t\t\t<div class=\"elementor-widget-container\">\n\t\t\t\t\t\t\t\t\t<p>Lanzarote unterscheidet sich von anderen Sonnen- und Seezielen. Es ist eine Insel, auf der Natur und Kunst vorherrschen, ein Ort, an dem die Menschen so warmherzig wie aktiv und stolz sind. Wo Essen nach Land und Meer schmeckt, wo die Essenz der Insel lange nach Ihrer Abreise Spuren in Ihrer Seele hinterl\u00e4sst. Das ist der Lanzarote-Effekt.<\/p><p>Es ist die s\u00fcdlichste Insel des Kanarischen Archipels. Obwohl es nicht mehr als 800 Quadratkilometer umfasst, bietet es \u00fcberraschend vielf\u00e4ltige Landschaften. Das Erbe der Vulkanausbr\u00fcche im 18. und 19. Jahrhundert ist eine spektakul\u00e4re Szene von einzigartiger Form und Sch\u00f6nheit. Neben den unerwarteten Landschaften aus Vulkanh\u00f6hlen, Lavaseen und Kratern gibt es goldene Sandstr\u00e4nde und transparentes Wasser.<\/p>\t\t\t\t\t\t\t\t<\/div>\n\t\t\t\t<\/div>\n\t\t\t\t<div class=\"elementor-element elementor-element-3d19499 elementor-widget elementor-widget-button\" data-id=\"3d19499\" data-element_type=\"widget\" data-e-type=\"widget\" data-widget_type=\"button.default\">\n\t\t\t\t<div class=\"elementor-widget-container\">\n\t\t\t\t\t\t\t\t\t<div class=\"elementor-button-wrapper\">\n\t\t\t\t\t<a class=\"elementor-button elementor-button-link elementor-size-sm elementor-animation-shrink\" href=\"https:\/\/villasmammamia.com\/wp-content\/uploads\/BIENVENIDOS-LANZAROTE-VILLAS-PARA-NUESTROS-CLIENTES.pdf\" target=\"_blank\">\n\t\t\t\t\t\t<span class=\"elementor-button-content-wrapper\">\n\t\t\t\t\t\t<span class=\"elementor-button-icon\">\n\t\t\t\t<i aria-hidden=\"true\" class=\"far fa-file-pdf\"><\/i>\t\t\t<\/span>\n\t\t\t\t\t\t\t\t\t<span class=\"elementor-button-text\">Erfahren Sie mehr \u00fcber Lanzarote<\/span>\n\t\t\t\t\t<\/span>\n\t\t\t\t\t<\/a>\n\t\t\t\t<\/div>\n\t\t\t\t\t\t\t\t<\/div>\n\t\t\t\t<\/div>\n\t\t\t\t\t<\/div>\n\t\t<\/div>\n\t\t\t\t\t<\/div>\n\t\t<\/section>\n\t\t\t\t<section class=\"elementor-section elementor-top-section elementor-element elementor-element-6eaea1e elementor-section-full_width elementor-reverse-tablet elementor-reverse-mobile elementor-section-height-default elementor-section-height-default\" data-id=\"6eaea1e\" data-element_type=\"section\" data-e-type=\"section\">\n\t\t\t\t\t\t<div class=\"elementor-container elementor-column-gap-no\">\n\t\t\t\t\t<div class=\"elementor-column elementor-col-50 elementor-top-column elementor-element elementor-element-90bd08e\" data-id=\"90bd08e\" data-element_type=\"column\" data-e-type=\"column\">\n\t\t\t<div class=\"elementor-widget-wrap elementor-element-populated\">\n\t\t\t\t\t\t<div class=\"elementor-element elementor-element-624f1b6 elementor-widget elementor-widget-text-editor\" data-id=\"624f1b6\" data-element_type=\"widget\" data-e-type=\"widget\" data-widget_type=\"text-editor.default\">\n\t\t\t\t<div class=\"elementor-widget-container\">\n\t\t\t\t\t\t\t\t\t<p><strong>Was es auf Lanzarote zu sehen gibt:<\/strong><\/p><p>Die Insel Lanzarote ist voller Orte, die Sie sprachlos machen. Orte mit Formen, Farben und Eigenschaften, die so besonders sind, dass Sie sie nirgendwo anders auf der Welt sehen k\u00f6nnen. Natur, V\u00f6lker,<br \/>Denkm\u00e4ler, Str\u00e4nde, Kultur und ausgezeichnete Gastronomie sind einige der Zutaten, die Sie Ihren Besuch in vollen Z\u00fcgen genie\u00dfen lassen<br \/>verliebt in diese fantastische Insel.<\/p><p>Ja, Lanzarote bietet alles, was Sie brauchen, um fantastische Tage darin zu verbringen. Und auch ein sehr angenehmes Klima<br \/>Jahr! K\u00f6nnen Sie mehr verlangen?<br \/>Sind Sie bereits entschlossen, Lanzarote zu besuchen? Nun finden Sie heraus, welche Dinge<br \/>Muss auf dieser wundersch\u00f6nen Insel gesehen und getan werden.<\/p>\t\t\t\t\t\t\t\t<\/div>\n\t\t\t\t<\/div>\n\t\t\t\t\t<\/div>\n\t\t<\/div>\n\t\t\t\t<div class=\"elementor-column elementor-col-50 elementor-top-column elementor-element elementor-element-a02b2fb\" data-id=\"a02b2fb\" data-element_type=\"column\" data-e-type=\"column\" data-settings=\"{&quot;background_background&quot;:&quot;classic&quot;}\">\n\t\t\t<div class=\"elementor-widget-wrap\">\n\t\t\t\t\t<div class=\"elementor-background-overlay\"><\/div>\n\t\t\t\t\t\t\t<\/div>\n\t\t<\/div>\n\t\t\t\t\t<\/div>\n\t\t<\/section>\n\t\t\t\t<section class=\"elementor-section elementor-top-section elementor-element elementor-element-af65e8e elementor-section-full_width elementor-section-height-default elementor-section-height-default\" data-id=\"af65e8e\" data-element_type=\"section\" data-e-type=\"section\">\n\t\t\t\t\t\t<div class=\"elementor-container elementor-column-gap-no\">\n\t\t\t\t\t<div class=\"elementor-column elementor-col-50 elementor-top-column elementor-element elementor-element-d9f14c6\" data-id=\"d9f14c6\" data-element_type=\"column\" data-e-type=\"column\" data-settings=\"{&quot;background_background&quot;:&quot;classic&quot;}\">\n\t\t\t<div class=\"elementor-widget-wrap\">\n\t\t\t\t\t<div class=\"elementor-background-overlay\"><\/div>\n\t\t\t\t\t\t\t<\/div>\n\t\t<\/div>\n\t\t\t\t<div class=\"elementor-column elementor-col-50 elementor-top-column elementor-element elementor-element-23cb0c0\" data-id=\"23cb0c0\" data-element_type=\"column\" data-e-type=\"column\">\n\t\t\t<div class=\"elementor-widget-wrap elementor-element-populated\">\n\t\t\t\t\t\t<div class=\"elementor-element elementor-element-cd50a08 elementor-widget elementor-widget-text-editor\" data-id=\"cd50a08\" data-element_type=\"widget\" data-e-type=\"widget\" data-widget_type=\"text-editor.default\">\n\t\t\t\t<div class=\"elementor-widget-container\">\n\t\t\t\t\t\t\t\t\t<p><strong>Dies sind die 12 Dinge, die Sie auf Lanzarote sehen und tun m\u00fcssen:<\/strong><\/p><ol><li>F\u00fchle die W\u00e4rme von Timanfaya.<\/li><li>Geben Sie Jameos del Agua.<\/li><li>Surfen Sie am Famara Beach.<\/li><li>Entdecken Sie die Weinberge von La Geria.<br \/>Lehnen Sie sich nach La Graciosa.<\/li><li>Besuchen Sie den Kaktusgarten.<\/li><li>Betrachten Sie die Laguna de los Ciclos.<\/li><li>Bewundern Sie die St\u00e4rke des Ozeans in Los Hervideros.<\/li><li>Betreten Sie den Krater des Vulkans El Cuervo.<\/li><li>Genie\u00dfen Sie einen Sonnenuntergang am<\/li><li>Playa de Papagayo.<\/li><li>Blenden Sie mit den Farben der Salinas del Janubio.<\/li><li>Erfahren Sie im Museum mehr \u00fcber die Br\u00e4uche der Insel El Patio Farm.<\/li><\/ol>\t\t\t\t\t\t\t\t<\/div>\n\t\t\t\t<\/div>\n\t\t\t\t\t<\/div>\n\t\t<\/div>\n\t\t\t\t\t<\/div>\n\t\t<\/section>\n\t\t\t\t<\/div>\n\t\t","protected":false},"excerpt":{"rendered":"<p>Willkommen zu Unsere Insel voller Vulkane und exotischer Str\u00e4nde Str\u00e4nde und nat\u00fcrliche Pools auf Lanzarote Erw\u00e4hnenswert ist auch das milde Klima mit einer durchschnittlichen Jahrestemperatur von 22 \u00b0 C, da Lanzarote das perfekte Ziel f\u00fcr alle Arten von Outdoor-Sportarten ist. Die Str\u00e4nde von Lanzarote laden die Besucher ein, das Meer an den K\u00fcsten der Insel [&hellip;]<\/p>\n","protected":false},"author":1,"featured_media":0,"parent":0,"menu_order":0,"comment_status":"closed","ping_status":"closed","template":"elementor_header_footer","meta":{"footnotes":""},"class_list":["post-344","page","type-page","status-publish","hentry"],"aioseo_notices":[],"_links":{"self":[{"href":"https:\/\/villasmammamia.com\/de\/wp-json\/wp\/v2\/pages\/344","targetHints":{"allow":["GET"]}}],"collection":[{"href":"https:\/\/villasmammamia.com\/de\/wp-json\/wp\/v2\/pages"}],"about":[{"href":"https:\/\/villasmammamia.com\/de\/wp-json\/wp\/v2\/types\/page"}],"author":[{"embeddable":true,"href":"https:\/\/villasmammamia.com\/de\/wp-json\/wp\/v2\/users\/1"}],"replies":[{"embeddable":true,"href":"https:\/\/villasmammamia.com\/de\/wp-json\/wp\/v2\/comments?post=344"}],"version-history":[{"count":13,"href":"https:\/\/villasmammamia.com\/de\/wp-json\/wp\/v2\/pages\/344\/revisions"}],"predecessor-version":[{"id":710,"href":"https:\/\/villasmammamia.com\/de\/wp-json\/wp\/v2\/pages\/344\/revisions\/710"}],"wp:attachment":[{"href":"https:\/\/villasmammamia.com\/de\/wp-json\/wp\/v2\/media?parent=344"}],"curies":[{"name":"wp","href":"https:\/\/api.w.org\/{rel}","templated":true}]}}