{"id":119,"date":"2020-02-12T13:52:01","date_gmt":"2020-02-12T12:52:01","guid":{"rendered":"https:\/\/villasmammamia.com\/?page_id=119"},"modified":"2020-07-31T12:04:58","modified_gmt":"2020-07-31T10:04:58","slug":"legal-warning","status":"publish","type":"page","link":"https:\/\/villasmammamia.com\/en\/legal-warning\/","title":{"rendered":"Legal warning"},"content":{"rendered":"\t\t<div data-elementor-type=\"wp-page\" data-elementor-id=\"119\" class=\"elementor elementor-119\" data-elementor-post-type=\"page\">\n\t\t\t\t\t\t<section class=\"elementor-section elementor-top-section elementor-element elementor-element-2d7fa88c elementor-section-boxed elementor-section-height-default elementor-section-height-default\" data-id=\"2d7fa88c\" data-element_type=\"section\" data-e-type=\"section\">\n\t\t\t\t\t\t<div class=\"elementor-container elementor-column-gap-default\">\n\t\t\t\t\t<div class=\"elementor-column elementor-col-100 elementor-top-column elementor-element elementor-element-2448678f\" data-id=\"2448678f\" data-element_type=\"column\" data-e-type=\"column\">\n\t\t\t<div class=\"elementor-widget-wrap elementor-element-populated\">\n\t\t\t\t\t\t<div class=\"elementor-element elementor-element-3bad130f elementor-widget elementor-widget-text-editor\" data-id=\"3bad130f\" data-element_type=\"widget\" data-e-type=\"widget\" data-widget_type=\"text-editor.default\">\n\t\t\t\t<div class=\"elementor-widget-container\">\n\t\t\t\t\t\t\t\t\t\n<p>Villas Mamma Mia, provisto con NIF\/CIF 42909519Y, direcci\u00f3n Juan S. Elcano N\u00ba24, 38109 Santa Cruz de Tenerife,    no    puede asumir    ninguna    responsabilidad    derivada    del    uso incorrecto, inapropiado o il\u00edcito de la informaci\u00f3n aparecida en la p\u00e1gina de Internet de https:\/\/villasmammamia.com  <\/p>\n\n\n\n<p>Con  los  l\u00edmites  establecidos  en  la  ley,  Villas Mamma Mia  no  asume  ninguna  responsabilidad derivada de la falta de veracidad, integridad, actualizaci\u00f3n y precisi\u00f3n de los datos o informaciones que se contienen en sus p\u00e1ginas de Internet.<\/p>\n\n\n\n<p>Los  contenidos  e  informaci\u00f3n  no  vinculan  a  Villas Mamma Mia ni  constituyen  opiniones,  consejos  o asesoramiento  legal  de  ning\u00fan  tipo  pues  se  trata  meramente  de  un  servicio  ofrecido  con  car\u00e1cter  informativo  y divulgativo.<\/p>\n\n\n\n<p>La p\u00e1gina de Internet de https:\/\/villasmammamia.com puede contener enlaces (links) a otras p\u00e1ginas de terceras partes que Villas Mamma Mia no puedecontrolar. Por lo tanto, Villas Mamma Mia  no  puede  asumir  responsabilidades  por  el  contenido  que  pueda  aparecer  en p\u00e1ginas de terceros. <\/p>\n\n\n\n<p>Los textos, im\u00e1genes, sonidos, animaciones, software y el resto de contenidos incluidos en este website son propiedad exclusiva  de  Villas Mamma Mia  o  sus  licenciantes.  Cualquier  acto  de  transmisi\u00f3n,  distribuci\u00f3n, cesi\u00f3n,  reproducci\u00f3n,  almacenamiento  o  comunicaci\u00f3n  p\u00fablica  total  o  parcial,  debe  contar  con  el  consentimiento expreso de Villas Mamma Mia <\/p>\n\n\n\n<p>Asimismo, para acceder a algunos de los servicios que  Villas Mamma Mia ofrece a trav\u00e9s del website deber\u00e1  proporcionar  algunos  datos  de  car\u00e1cter  personal.  En  cumplimiento  de  lo  establecido  en  el  Reglamento  (UE) 2016\/679 del Parlamento Europeo y del Consejo, de 27 de abril de 2016, relativo a la protecci\u00f3n de las personas f\u00edsicas en  lo  que  respecta  al  tratamiento  de  datos  personales  y  a  la  libre  circulaci\u00f3n  de  estos  datos  le  informamos  que, mediante  la  cumplimentaci\u00f3n  de  los  presentes  formularios,  sus  datos  personales  quedar\u00e1n  incorporados  y  ser\u00e1n tratados en los ficheros de Villas Mamma Mia con el fin de poderle prestar y ofrecer nuestros servicios as\u00ed como  para  informarle  de  las  mejoras  del  sitio  Web.  Asimismo,  le informamos  de  la  posibilidad  de  que  ejerza  los derechos de acceso, rectificaci\u00f3n, cancelaci\u00f3n y oposici\u00f3n de sus datos de car\u00e1cter personal, manera gratuita mediante email a https:\/\/villasmammamia.com o en la direcci\u00f3n Juan S. Elcano N\u00ba24, 38109 Santa Cruz de Tenerife<\/p>\n\t\t\t\t\t\t\t\t<\/div>\n\t\t\t\t<\/div>\n\t\t\t\t\t<\/div>\n\t\t<\/div>\n\t\t\t\t\t<\/div>\n\t\t<\/section>\n\t\t\t\t<\/div>\n\t\t","protected":false},"excerpt":{"rendered":"<p>, provisto con NIF\/CIF , direcci\u00f3n , no puede asumir ninguna responsabilidad derivada del uso incorrecto, inapropiado o il\u00edcito de la informaci\u00f3n aparecida en la p\u00e1gina de Internet de Con los l\u00edmites establecidos en la ley, no asume ninguna responsabilidad derivada de la falta de veracidad, integridad, actualizaci\u00f3n y precisi\u00f3n de los datos o informaciones [&hellip;]<\/p>\n","protected":false},"author":1,"featured_media":0,"parent":0,"menu_order":0,"comment_status":"closed","ping_status":"closed","template":"elementor_header_footer","meta":{"footnotes":""},"class_list":["post-119","page","type-page","status-publish","hentry"],"aioseo_notices":[],"_links":{"self":[{"href":"https:\/\/villasmammamia.com\/en\/wp-json\/wp\/v2\/pages\/119","targetHints":{"allow":["GET"]}}],"collection":[{"href":"https:\/\/villasmammamia.com\/en\/wp-json\/wp\/v2\/pages"}],"about":[{"href":"https:\/\/villasmammamia.com\/en\/wp-json\/wp\/v2\/types\/page"}],"author":[{"embeddable":true,"href":"https:\/\/villasmammamia.com\/en\/wp-json\/wp\/v2\/users\/1"}],"replies":[{"embeddable":true,"href":"https:\/\/villasmammamia.com\/en\/wp-json\/wp\/v2\/comments?post=119"}],"version-history":[{"count":7,"href":"https:\/\/villasmammamia.com\/en\/wp-json\/wp\/v2\/pages\/119\/revisions"}],"predecessor-version":[{"id":565,"href":"https:\/\/villasmammamia.com\/en\/wp-json\/wp\/v2\/pages\/119\/revisions\/565"}],"wp:attachment":[{"href":"https:\/\/villasmammamia.com\/en\/wp-json\/wp\/v2\/media?parent=119"}],"curies":[{"name":"wp","href":"https:\/\/api.w.org\/{rel}","templated":true}]}}